{"id":23,"date":"2021-11-05T13:04:50","date_gmt":"2021-11-05T13:04:50","guid":{"rendered":"http:\/\/tfisioterapiaepilates.com.br\/?page_id=23"},"modified":"2024-08-06T21:36:54","modified_gmt":"2024-08-06T21:36:54","slug":"tratamentos","status":"publish","type":"page","link":"https:\/\/tfisioterapiaepilates.com.br\/?page_id=23","title":{"rendered":"Tratamentos"},"content":{"rendered":"\n<div class=\"wp-block-columns is-layout-flex wp-container-core-columns-is-layout-9d6595d7 wp-block-columns-is-layout-flex\">\n<div class=\"wp-block-column is-layout-flow wp-block-column-is-layout-flow\"><\/div>\n<\/div>\n\n\n\n<p><br><\/p>\n\n\n\n<p class=\"has-medium-font-size\"><strong>PILATES<\/strong><\/p>\n\n\n\n<p><strong>O que \u00e9 o m\u00e9todo Pilates?<\/strong><\/p>\n\n\n\n<p><br>O m\u00e9todo Pilates \u00e9 um m\u00e9todo que utiliza exerc\u00edcios de baixo impacto voltado para as suas necessidades e habilidades espec\u00edficas, realizados no aparelho, no solo com ou sem acess\u00f3rios que pode ser praticado por pessoas de qualquer idade, estilo de vida ou n\u00edvel de condicionamento f\u00edsico.<\/p>\n\n\n\n<p><\/p>\n\n\n\n<p class=\"has-large-font-size\">Pilates Modalidades:<\/p>\n\n\n\n<p class=\"has-medium-font-size\"><strong>Pilates Essencial<\/strong><\/p>\n\n\n\n<figure class=\"wp-block-image size-large\"><img loading=\"lazy\" decoding=\"async\" width=\"1024\" height=\"693\" src=\"https:\/\/tfisioterapiaepilates.com.br\/wp-content\/uploads\/2024\/08\/Pilates_essencial-1024x693.jpg\" alt=\"\" class=\"wp-image-210\" srcset=\"https:\/\/tfisioterapiaepilates.com.br\/wp-content\/uploads\/2024\/08\/Pilates_essencial-1024x693.jpg 1024w, https:\/\/tfisioterapiaepilates.com.br\/wp-content\/uploads\/2024\/08\/Pilates_essencial-300x203.jpg 300w, https:\/\/tfisioterapiaepilates.com.br\/wp-content\/uploads\/2024\/08\/Pilates_essencial-768x520.jpg 768w, https:\/\/tfisioterapiaepilates.com.br\/wp-content\/uploads\/2024\/08\/Pilates_essencial-445x301.jpg 445w, https:\/\/tfisioterapiaepilates.com.br\/wp-content\/uploads\/2024\/08\/Pilates_essencial-914x619.jpg 914w, https:\/\/tfisioterapiaepilates.com.br\/wp-content\/uploads\/2024\/08\/Pilates_essencial.jpg 1080w\" sizes=\"auto, (max-width: 1024px) 100vw, 1024px\" \/><\/figure>\n\n\n\n<p class=\"has-medium-font-size\"><br>Indicado para voc\u00ea ter mais qualidade de vida.<\/p>\n\n\n\n<p>Benef\u00edcios:<\/p>\n\n\n\n<ul class=\"wp-block-list\">\n<li>ajuda a manter a boa forma f\u00edsica<\/li>\n\n\n\n<li>fazer uma pausa na correria do dia-a-dia<\/li>\n\n\n\n<li>mais disposi\u00e7\u00e3o<\/li>\n<\/ul>\n\n\n\n<hr class=\"wp-block-separator has-alpha-channel-opacity\"\/>\n\n\n\n<p class=\"has-medium-font-size\"><strong>Pilares Dupla<\/strong><\/p>\n\n\n\n<figure class=\"wp-block-image size-large\"><img loading=\"lazy\" decoding=\"async\" width=\"1024\" height=\"762\" src=\"https:\/\/tfisioterapiaepilates.com.br\/wp-content\/uploads\/2024\/08\/dupla_pilates-1024x762.jpg\" alt=\"\" class=\"wp-image-209\" srcset=\"https:\/\/tfisioterapiaepilates.com.br\/wp-content\/uploads\/2024\/08\/dupla_pilates-1024x762.jpg 1024w, https:\/\/tfisioterapiaepilates.com.br\/wp-content\/uploads\/2024\/08\/dupla_pilates-300x223.jpg 300w, https:\/\/tfisioterapiaepilates.com.br\/wp-content\/uploads\/2024\/08\/dupla_pilates-768x572.jpg 768w, https:\/\/tfisioterapiaepilates.com.br\/wp-content\/uploads\/2024\/08\/dupla_pilates-445x331.jpg 445w, https:\/\/tfisioterapiaepilates.com.br\/wp-content\/uploads\/2024\/08\/dupla_pilates-914x680.jpg 914w, https:\/\/tfisioterapiaepilates.com.br\/wp-content\/uploads\/2024\/08\/dupla_pilates.jpg 1080w\" sizes=\"auto, (max-width: 1024px) 100vw, 1024px\" \/><\/figure>\n\n\n\n<p class=\"has-medium-font-size\"><br>Indicado para voc\u00ea incluir atividade f\u00edsica na sua rotina.<\/p>\n\n\n\n<p>Benef\u00edcios:<\/p>\n\n\n\n<ul class=\"wp-block-list\">\n<li>aula din\u00e2mica<\/li>\n\n\n\n<li>um incentiva o outro<\/li>\n\n\n\n<li>aumenta a intera\u00e7\u00e3o de ambos<\/li>\n<\/ul>\n\n\n\n<hr class=\"wp-block-separator has-alpha-channel-opacity\"\/>\n\n\n\n<p class=\"has-medium-font-size\"><strong>Pilates Bem Estar<\/strong><\/p>\n\n\n\n<figure class=\"wp-block-image size-large\"><img loading=\"lazy\" decoding=\"async\" width=\"1024\" height=\"684\" src=\"https:\/\/tfisioterapiaepilates.com.br\/wp-content\/uploads\/2024\/08\/Pilates_BemEstar-1024x684.jpg\" alt=\"\" class=\"wp-image-208\" srcset=\"https:\/\/tfisioterapiaepilates.com.br\/wp-content\/uploads\/2024\/08\/Pilates_BemEstar-1024x684.jpg 1024w, https:\/\/tfisioterapiaepilates.com.br\/wp-content\/uploads\/2024\/08\/Pilates_BemEstar-300x200.jpg 300w, https:\/\/tfisioterapiaepilates.com.br\/wp-content\/uploads\/2024\/08\/Pilates_BemEstar-768x513.jpg 768w, https:\/\/tfisioterapiaepilates.com.br\/wp-content\/uploads\/2024\/08\/Pilates_BemEstar-445x297.jpg 445w, https:\/\/tfisioterapiaepilates.com.br\/wp-content\/uploads\/2024\/08\/Pilates_BemEstar-914x610.jpg 914w, https:\/\/tfisioterapiaepilates.com.br\/wp-content\/uploads\/2024\/08\/Pilates_BemEstar.jpg 1080w\" sizes=\"auto, (max-width: 1024px) 100vw, 1024px\" \/><\/figure>\n\n\n\n<p class=\"has-medium-font-size\"><br>Indicado para voc\u00ea aumentar o seu bem estar.<\/p>\n\n\n\n<p>Benef\u00edcios:<\/p>\n\n\n\n<ul class=\"wp-block-list\">\n<li>aula com exerc\u00edcios leves<\/li>\n\n\n\n<li>melhora o desempenho em atividades do dia-a-dia<\/li>\n\n\n\n<li>evita futura doen\u00e7as que podem acometer o corpo<\/li>\n<\/ul>\n\n\n\n<hr class=\"wp-block-separator has-alpha-channel-opacity\"\/>\n\n\n\n<hr class=\"wp-block-separator has-alpha-channel-opacity\"\/>\n\n\n\n<p class=\"has-medium-font-size\"><strong>Pilates Terap\u00eautico<\/strong><\/p>\n\n\n\n<figure class=\"wp-block-image size-large\"><img loading=\"lazy\" decoding=\"async\" width=\"1024\" height=\"876\" src=\"https:\/\/tfisioterapiaepilates.com.br\/wp-content\/uploads\/2024\/08\/Pilates_tera-1024x876.jpg\" alt=\"\" class=\"wp-image-207\" srcset=\"https:\/\/tfisioterapiaepilates.com.br\/wp-content\/uploads\/2024\/08\/Pilates_tera-1024x876.jpg 1024w, https:\/\/tfisioterapiaepilates.com.br\/wp-content\/uploads\/2024\/08\/Pilates_tera-300x257.jpg 300w, https:\/\/tfisioterapiaepilates.com.br\/wp-content\/uploads\/2024\/08\/Pilates_tera-768x657.jpg 768w, https:\/\/tfisioterapiaepilates.com.br\/wp-content\/uploads\/2024\/08\/Pilates_tera-445x381.jpg 445w, https:\/\/tfisioterapiaepilates.com.br\/wp-content\/uploads\/2024\/08\/Pilates_tera-914x782.jpg 914w, https:\/\/tfisioterapiaepilates.com.br\/wp-content\/uploads\/2024\/08\/Pilates_tera.jpg 1080w\" sizes=\"auto, (max-width: 1024px) 100vw, 1024px\" \/><\/figure>\n\n\n\n<p class=\"has-medium-font-size\"><br>Indicado para voc\u00ea recuperar e tratar o seu corpo.<\/p>\n\n\n\n<p>Benef\u00edcios:<\/p>\n\n\n\n<ul class=\"wp-block-list\">\n<li>equil\u00edbrio muscular<\/li>\n\n\n\n<li>melhora da postura<\/li>\n\n\n\n<li>elimina dores<\/li>\n<\/ul>\n\n\n\n<p class=\"has-medium-font-size\"><strong>Pilates Escoliose<\/strong><\/p>\n\n\n\n<figure class=\"wp-block-image size-large\"><img loading=\"lazy\" decoding=\"async\" width=\"1024\" height=\"678\" src=\"https:\/\/tfisioterapiaepilates.com.br\/wp-content\/uploads\/2024\/08\/Pilates_Escoliose-1024x678.jpg\" alt=\"\" class=\"wp-image-206\" srcset=\"https:\/\/tfisioterapiaepilates.com.br\/wp-content\/uploads\/2024\/08\/Pilates_Escoliose-1024x678.jpg 1024w, https:\/\/tfisioterapiaepilates.com.br\/wp-content\/uploads\/2024\/08\/Pilates_Escoliose-300x199.jpg 300w, https:\/\/tfisioterapiaepilates.com.br\/wp-content\/uploads\/2024\/08\/Pilates_Escoliose-768x508.jpg 768w, https:\/\/tfisioterapiaepilates.com.br\/wp-content\/uploads\/2024\/08\/Pilates_Escoliose-445x295.jpg 445w, https:\/\/tfisioterapiaepilates.com.br\/wp-content\/uploads\/2024\/08\/Pilates_Escoliose-914x605.jpg 914w, https:\/\/tfisioterapiaepilates.com.br\/wp-content\/uploads\/2024\/08\/Pilates_Escoliose.jpg 1080w\" sizes=\"auto, (max-width: 1024px) 100vw, 1024px\" \/><\/figure>\n\n\n\n<p class=\"has-medium-font-size\"><br>Indicado para voc\u00ea melhorar e corrigir a sua escoliose.<\/p>\n\n\n\n<p>Benef\u00edcios:<\/p>\n\n\n\n<ul class=\"wp-block-list\">\n<li>melhora da postura<\/li>\n\n\n\n<li>autocorre\u00e7\u00e3o nas atividades de vida di\u00e1ria.<\/li>\n\n\n\n<li>melhora consci\u00eancia corporal<\/li>\n<\/ul>\n\n\n\n<hr class=\"wp-block-separator has-alpha-channel-opacity\"\/>\n\n\n\n<p class=\"has-medium-font-size\"><strong>Fisioterapia Manual<\/strong><\/p>\n\n\n\n<figure class=\"wp-block-image size-large\"><img loading=\"lazy\" decoding=\"async\" width=\"1024\" height=\"665\" src=\"https:\/\/tfisioterapiaepilates.com.br\/wp-content\/uploads\/2024\/08\/Fisioterapia_manual-1024x665.jpg\" alt=\"\" class=\"wp-image-205\" srcset=\"https:\/\/tfisioterapiaepilates.com.br\/wp-content\/uploads\/2024\/08\/Fisioterapia_manual-1024x665.jpg 1024w, https:\/\/tfisioterapiaepilates.com.br\/wp-content\/uploads\/2024\/08\/Fisioterapia_manual-300x195.jpg 300w, https:\/\/tfisioterapiaepilates.com.br\/wp-content\/uploads\/2024\/08\/Fisioterapia_manual-768x498.jpg 768w, https:\/\/tfisioterapiaepilates.com.br\/wp-content\/uploads\/2024\/08\/Fisioterapia_manual-445x289.jpg 445w, https:\/\/tfisioterapiaepilates.com.br\/wp-content\/uploads\/2024\/08\/Fisioterapia_manual-914x593.jpg 914w, https:\/\/tfisioterapiaepilates.com.br\/wp-content\/uploads\/2024\/08\/Fisioterapia_manual.jpg 1080w\" sizes=\"auto, (max-width: 1024px) 100vw, 1024px\" \/><\/figure>\n\n\n\n<p class=\"has-medium-font-size\"><br>A Fisioterapia manual \u00e9 um m\u00e9todo que previne e trata as causas das disfun\u00e7\u00f5es e n\u00e3o apenas os sintomas, de uma variedade de patologias do sistema musculoesquel\u00e9tico. Avalia voc\u00ea como um todo, verifica as suas necessidades e elabora um tratamento exclusivo para voc\u00ea. Restabelecendo o equil\u00edbrio do seu corpo utilizando t\u00e9cnicas manuais.<\/p>\n\n\n\n<p>Os benef\u00edcios com a fisioterapia Manual:<\/p>\n\n\n\n<ul class=\"wp-block-list\">\n<li>Melhora da dor<\/li>\n\n\n\n<li>Recupera les\u00f5es<\/li>\n\n\n\n<li>Previne les\u00f5es<\/li>\n\n\n\n<li>Qualidade nas atividades de vida di\u00e1ria<\/li>\n\n\n\n<li>Melhora tens\u00f5es musculares<\/li>\n\n\n\n<li>Melhora mobilidade<\/li>\n\n\n\n<li>Melhora fun\u00e7\u00e3o<\/li>\n\n\n\n<li>Sa\u00fade<\/li>\n<\/ul>\n\n\n\n<p class=\"has-large-font-size\">MASSAGEM Modalidades:<\/p>\n\n\n\n<p class=\"has-medium-font-size\"><strong>Massagem Terap\u00eautica<\/strong><\/p>\n\n\n\n<figure class=\"wp-block-image size-large\"><img loading=\"lazy\" decoding=\"async\" width=\"1024\" height=\"800\" src=\"http:\/\/tfisioterapiaepilates.com.br\/wp-content\/uploads\/2024\/08\/Massagem_terapeutica-1024x800.jpg\" alt=\"\" class=\"wp-image-204\" srcset=\"https:\/\/tfisioterapiaepilates.com.br\/wp-content\/uploads\/2024\/08\/Massagem_terapeutica-1024x800.jpg 1024w, https:\/\/tfisioterapiaepilates.com.br\/wp-content\/uploads\/2024\/08\/Massagem_terapeutica-300x234.jpg 300w, https:\/\/tfisioterapiaepilates.com.br\/wp-content\/uploads\/2024\/08\/Massagem_terapeutica-768x600.jpg 768w, https:\/\/tfisioterapiaepilates.com.br\/wp-content\/uploads\/2024\/08\/Massagem_terapeutica-445x348.jpg 445w, https:\/\/tfisioterapiaepilates.com.br\/wp-content\/uploads\/2024\/08\/Massagem_terapeutica-914x714.jpg 914w, https:\/\/tfisioterapiaepilates.com.br\/wp-content\/uploads\/2024\/08\/Massagem_terapeutica.jpg 1080w\" sizes=\"auto, (max-width: 1024px) 100vw, 1024px\" \/><\/figure>\n\n\n\n<p class=\"has-medium-font-size\"><br>Para que serve a massagem terap\u00eautica?<br>\u00c9 uma t\u00e9cnica que aplica press\u00e3o manual em determinados pontos do corpo que visa liberar tecidos.<br>Por meio de press\u00e3o sobre o local ou distante da dor, realizada manualmente, o tratamento previne les\u00f5es e contribui para o tratamento de patologias m\u00fasculo esquel\u00e9ticas.<\/p>\n\n\n\n<p>Os principais benef\u00edcios:<\/p>\n\n\n\n<ul class=\"wp-block-list\">\n<li>relaxa tens\u00f5es musculares<\/li>\n\n\n\n<li>melhora dor<\/li>\n\n\n\n<li>auxilia na ativa\u00e7\u00e3o muscular pr\u00e9 treino<\/li>\n\n\n\n<li>auxilia na recupera\u00e7\u00e3o muscular p\u00f3s treino<\/li>\n\n\n\n<li>aumenta mobilidade<\/li>\n\n\n\n<li>melhora a circula\u00e7\u00e3o sangu\u00ednea<\/li>\n\n\n\n<li>equil\u00edbrio corporal<\/li>\n\n\n\n<li>sa\u00fade e bem estar<\/li>\n<\/ul>\n\n\n\n<p>Para quem \u00e9 indicado?<br>A massagem terap\u00eautica \u00e9 indicada para pessoas que sofrem de dores agudas ou cr\u00f4nicas, praticantes de atividades f\u00edsicas ou que tenham alguma patologia no sistema musculoesquel\u00e9tico.<\/p>\n\n\n\n<p class=\"has-medium-font-size\"><strong>Massagem Relaxante<\/strong><\/p>\n\n\n\n<figure class=\"wp-block-image size-large\"><img loading=\"lazy\" decoding=\"async\" width=\"1024\" height=\"661\" src=\"http:\/\/tfisioterapiaepilates.com.br\/wp-content\/uploads\/2024\/08\/Massagem_relaxante-1024x661.jpg\" alt=\"\" class=\"wp-image-202\" srcset=\"https:\/\/tfisioterapiaepilates.com.br\/wp-content\/uploads\/2024\/08\/Massagem_relaxante-1024x661.jpg 1024w, https:\/\/tfisioterapiaepilates.com.br\/wp-content\/uploads\/2024\/08\/Massagem_relaxante-300x194.jpg 300w, https:\/\/tfisioterapiaepilates.com.br\/wp-content\/uploads\/2024\/08\/Massagem_relaxante-768x496.jpg 768w, https:\/\/tfisioterapiaepilates.com.br\/wp-content\/uploads\/2024\/08\/Massagem_relaxante-445x287.jpg 445w, https:\/\/tfisioterapiaepilates.com.br\/wp-content\/uploads\/2024\/08\/Massagem_relaxante-914x590.jpg 914w, https:\/\/tfisioterapiaepilates.com.br\/wp-content\/uploads\/2024\/08\/Massagem_relaxante.jpg 1080w\" sizes=\"auto, (max-width: 1024px) 100vw, 1024px\" \/><\/figure>\n\n\n\n<p class=\"has-medium-font-size\"><br>\u00c9 uma t\u00e9cnica realizada com as m\u00e3os que aplica movimentos suaves e firmes em determinadas partes do corpo proporcionando relaxamento muscular.<\/p>\n\n\n\n<p>Benef\u00edcios:<\/p>\n\n\n\n<ul class=\"wp-block-list\">\n<li>alivia o estresse<\/li>\n\n\n\n<li>diminui a tens\u00e3o<\/li>\n\n\n\n<li>alivio da dor muscular<\/li>\n\n\n\n<li>bem estar<\/li>\n<\/ul>\n\n\n\n<p class=\"has-medium-font-size\"><strong>Drenagem Linf\u00e1tica<\/strong><\/p>\n\n\n\n<figure class=\"wp-block-image size-large\"><img loading=\"lazy\" decoding=\"async\" width=\"1024\" height=\"667\" src=\"http:\/\/tfisioterapiaepilates.com.br\/wp-content\/uploads\/2024\/08\/Drenagem_Linfatica-1024x667.jpg\" alt=\"\" class=\"wp-image-200\" srcset=\"https:\/\/tfisioterapiaepilates.com.br\/wp-content\/uploads\/2024\/08\/Drenagem_Linfatica-1024x667.jpg 1024w, https:\/\/tfisioterapiaepilates.com.br\/wp-content\/uploads\/2024\/08\/Drenagem_Linfatica-300x195.jpg 300w, https:\/\/tfisioterapiaepilates.com.br\/wp-content\/uploads\/2024\/08\/Drenagem_Linfatica-768x500.jpg 768w, https:\/\/tfisioterapiaepilates.com.br\/wp-content\/uploads\/2024\/08\/Drenagem_Linfatica-445x290.jpg 445w, https:\/\/tfisioterapiaepilates.com.br\/wp-content\/uploads\/2024\/08\/Drenagem_Linfatica-914x595.jpg 914w, https:\/\/tfisioterapiaepilates.com.br\/wp-content\/uploads\/2024\/08\/Drenagem_Linfatica.jpg 1080w\" sizes=\"auto, (max-width: 1024px) 100vw, 1024px\" \/><\/figure>\n\n\n\n<p>\u00c9 uma t\u00e9cnica manual que tem por objetivo reduzir o excesso de l\u00edquidos no corpo ou na face.<\/p>\n\n\n\n<p>Benef\u00edcios:<\/p>\n\n\n\n<ul class=\"wp-block-list\">\n<li>elimina toxinas<\/li>\n\n\n\n<li>diminui o incha\u00e7o<\/li>\n\n\n\n<li>regulariza a circula\u00e7\u00e3o linf\u00e1tica<\/li>\n\n\n\n<li>sensa\u00e7\u00e3o de bem estar<\/li>\n<\/ul>\n\n\n\n<p><a href=\"https:\/\/tfisioterapiaepilates.com.br\/?page_id=28\" data-type=\"URL\" data-id=\"https:\/\/tfisioterapiaepilates.com.br\/?page_id=28\">Conhe\u00e7a o mais sobre o nosso Studio <\/a><\/p>\n\n\n\n<p><\/p>\n","protected":false},"excerpt":{"rendered":"<p>PILATES O que \u00e9 o m\u00e9todo Pilates? O m\u00e9todo Pilates \u00e9 um m\u00e9todo que utiliza exerc\u00edcios de baixo impacto voltado para as suas necessidades e habilidades espec\u00edficas, realizados no aparelho, no solo com ou sem acess\u00f3rios que pode ser praticado por pessoas de qualquer idade, estilo de vida ou n\u00edvel de condicionamento f\u00edsico. Pilates Modalidades: [&hellip;]<\/p>\n","protected":false},"author":1,"featured_media":0,"parent":0,"menu_order":0,"comment_status":"closed","ping_status":"closed","template":"","meta":{"footnotes":""},"class_list":["post-23","page","type-page","status-publish","hentry"],"yoast_head":"<!-- This site is optimized with the Yoast SEO plugin v22.0 - https:\/\/yoast.com\/wordpress\/plugins\/seo\/ -->\n<title>Tratamentos - T Fisioterapia &amp; Pilates<\/title>\n<meta name=\"robots\" content=\"index, follow, max-snippet:-1, max-image-preview:large, max-video-preview:-1\" \/>\n<link rel=\"canonical\" href=\"http:\/\/tfisioterapiaepilates.com.br\/?page_id=23\" \/>\n<meta property=\"og:locale\" content=\"en_US\" \/>\n<meta property=\"og:type\" content=\"article\" \/>\n<meta property=\"og:title\" content=\"Tratamentos - T Fisioterapia &amp; Pilates\" \/>\n<meta property=\"og:description\" content=\"PILATES O que \u00e9 o m\u00e9todo Pilates? O m\u00e9todo Pilates \u00e9 um m\u00e9todo que utiliza exerc\u00edcios de baixo impacto voltado para as suas necessidades e habilidades espec\u00edficas, realizados no aparelho, no solo com ou sem acess\u00f3rios que pode ser praticado por pessoas de qualquer idade, estilo de vida ou n\u00edvel de condicionamento f\u00edsico. Pilates Modalidades: [&hellip;]\" \/>\n<meta property=\"og:url\" content=\"http:\/\/tfisioterapiaepilates.com.br\/?page_id=23\" \/>\n<meta property=\"og:site_name\" content=\"T Fisioterapia &amp; Pilates\" \/>\n<meta property=\"article:modified_time\" content=\"2024-08-06T21:36:54+00:00\" \/>\n<meta property=\"og:image\" content=\"https:\/\/tfisioterapiaepilates.com.br\/wp-content\/uploads\/2024\/08\/Pilates_essencial-1024x693.jpg\" \/>\n<meta name=\"twitter:card\" content=\"summary_large_image\" \/>\n<meta name=\"twitter:label1\" content=\"Est. reading time\" \/>\n\t<meta name=\"twitter:data1\" content=\"3 minutes\" \/>\n<script type=\"application\/ld+json\" class=\"yoast-schema-graph\">{\"@context\":\"https:\/\/schema.org\",\"@graph\":[{\"@type\":\"WebPage\",\"@id\":\"http:\/\/tfisioterapiaepilates.com.br\/?page_id=23\",\"url\":\"http:\/\/tfisioterapiaepilates.com.br\/?page_id=23\",\"name\":\"Tratamentos - T Fisioterapia &amp; Pilates\",\"isPartOf\":{\"@id\":\"https:\/\/tfisioterapiaepilates.com.br\/#website\"},\"datePublished\":\"2021-11-05T13:04:50+00:00\",\"dateModified\":\"2024-08-06T21:36:54+00:00\",\"breadcrumb\":{\"@id\":\"http:\/\/tfisioterapiaepilates.com.br\/?page_id=23#breadcrumb\"},\"inLanguage\":\"en-US\",\"potentialAction\":[{\"@type\":\"ReadAction\",\"target\":[\"http:\/\/tfisioterapiaepilates.com.br\/?page_id=23\"]}]},{\"@type\":\"BreadcrumbList\",\"@id\":\"http:\/\/tfisioterapiaepilates.com.br\/?page_id=23#breadcrumb\",\"itemListElement\":[{\"@type\":\"ListItem\",\"position\":1,\"name\":\"Home\",\"item\":\"https:\/\/tfisioterapiaepilates.com.br\/\"},{\"@type\":\"ListItem\",\"position\":2,\"name\":\"Tratamentos\"}]},{\"@type\":\"WebSite\",\"@id\":\"https:\/\/tfisioterapiaepilates.com.br\/#website\",\"url\":\"https:\/\/tfisioterapiaepilates.com.br\/\",\"name\":\"T Fisioterapia &amp; Pilates\",\"description\":\"Fisioterapia e Pilates\",\"potentialAction\":[{\"@type\":\"SearchAction\",\"target\":{\"@type\":\"EntryPoint\",\"urlTemplate\":\"https:\/\/tfisioterapiaepilates.com.br\/?s={search_term_string}\"},\"query-input\":\"required name=search_term_string\"}],\"inLanguage\":\"en-US\"}]}<\/script>\n<!-- \/ Yoast SEO plugin. -->","yoast_head_json":{"title":"Tratamentos - T Fisioterapia &amp; Pilates","robots":{"index":"index","follow":"follow","max-snippet":"max-snippet:-1","max-image-preview":"max-image-preview:large","max-video-preview":"max-video-preview:-1"},"canonical":"http:\/\/tfisioterapiaepilates.com.br\/?page_id=23","og_locale":"en_US","og_type":"article","og_title":"Tratamentos - T Fisioterapia &amp; Pilates","og_description":"PILATES O que \u00e9 o m\u00e9todo Pilates? O m\u00e9todo Pilates \u00e9 um m\u00e9todo que utiliza exerc\u00edcios de baixo impacto voltado para as suas necessidades e habilidades espec\u00edficas, realizados no aparelho, no solo com ou sem acess\u00f3rios que pode ser praticado por pessoas de qualquer idade, estilo de vida ou n\u00edvel de condicionamento f\u00edsico. Pilates Modalidades: [&hellip;]","og_url":"http:\/\/tfisioterapiaepilates.com.br\/?page_id=23","og_site_name":"T Fisioterapia &amp; Pilates","article_modified_time":"2024-08-06T21:36:54+00:00","og_image":[{"url":"https:\/\/tfisioterapiaepilates.com.br\/wp-content\/uploads\/2024\/08\/Pilates_essencial-1024x693.jpg"}],"twitter_card":"summary_large_image","twitter_misc":{"Est. reading time":"3 minutes"},"schema":{"@context":"https:\/\/schema.org","@graph":[{"@type":"WebPage","@id":"http:\/\/tfisioterapiaepilates.com.br\/?page_id=23","url":"http:\/\/tfisioterapiaepilates.com.br\/?page_id=23","name":"Tratamentos - T Fisioterapia &amp; Pilates","isPartOf":{"@id":"https:\/\/tfisioterapiaepilates.com.br\/#website"},"datePublished":"2021-11-05T13:04:50+00:00","dateModified":"2024-08-06T21:36:54+00:00","breadcrumb":{"@id":"http:\/\/tfisioterapiaepilates.com.br\/?page_id=23#breadcrumb"},"inLanguage":"en-US","potentialAction":[{"@type":"ReadAction","target":["http:\/\/tfisioterapiaepilates.com.br\/?page_id=23"]}]},{"@type":"BreadcrumbList","@id":"http:\/\/tfisioterapiaepilates.com.br\/?page_id=23#breadcrumb","itemListElement":[{"@type":"ListItem","position":1,"name":"Home","item":"https:\/\/tfisioterapiaepilates.com.br\/"},{"@type":"ListItem","position":2,"name":"Tratamentos"}]},{"@type":"WebSite","@id":"https:\/\/tfisioterapiaepilates.com.br\/#website","url":"https:\/\/tfisioterapiaepilates.com.br\/","name":"T Fisioterapia &amp; Pilates","description":"Fisioterapia e Pilates","potentialAction":[{"@type":"SearchAction","target":{"@type":"EntryPoint","urlTemplate":"https:\/\/tfisioterapiaepilates.com.br\/?s={search_term_string}"},"query-input":"required name=search_term_string"}],"inLanguage":"en-US"}]}},"_links":{"self":[{"href":"https:\/\/tfisioterapiaepilates.com.br\/index.php?rest_route=\/wp\/v2\/pages\/23","targetHints":{"allow":["GET"]}}],"collection":[{"href":"https:\/\/tfisioterapiaepilates.com.br\/index.php?rest_route=\/wp\/v2\/pages"}],"about":[{"href":"https:\/\/tfisioterapiaepilates.com.br\/index.php?rest_route=\/wp\/v2\/types\/page"}],"author":[{"embeddable":true,"href":"https:\/\/tfisioterapiaepilates.com.br\/index.php?rest_route=\/wp\/v2\/users\/1"}],"replies":[{"embeddable":true,"href":"https:\/\/tfisioterapiaepilates.com.br\/index.php?rest_route=%2Fwp%2Fv2%2Fcomments&post=23"}],"version-history":[{"count":21,"href":"https:\/\/tfisioterapiaepilates.com.br\/index.php?rest_route=\/wp\/v2\/pages\/23\/revisions"}],"predecessor-version":[{"id":221,"href":"https:\/\/tfisioterapiaepilates.com.br\/index.php?rest_route=\/wp\/v2\/pages\/23\/revisions\/221"}],"wp:attachment":[{"href":"https:\/\/tfisioterapiaepilates.com.br\/index.php?rest_route=%2Fwp%2Fv2%2Fmedia&parent=23"}],"curies":[{"name":"wp","href":"https:\/\/api.w.org\/{rel}","templated":true}]}}