{"id":28,"date":"2021-11-23T11:27:29","date_gmt":"2021-11-23T11:27:29","guid":{"rendered":"http:\/\/tfisioterapiaepilates.com.br\/?page_id=28"},"modified":"2024-02-19T11:35:46","modified_gmt":"2024-02-19T11:35:46","slug":"quem-somos","status":"publish","type":"page","link":"https:\/\/tfisioterapiaepilates.com.br\/?page_id=28","title":{"rendered":"Quem Somos"},"content":{"rendered":"\n<p>Inaugurado em 2017, <strong>T Fisioterapia &amp; Pilates<\/strong> vem oferecendo servi\u00e7os de massagem, pilates e fisioterapia manual de maneira individualizada e personalizada.<br>Nossa miss\u00e3o \u00e9 oferecer servi\u00e7os com qualidade e excel\u00eancia que atendam \u00e0s necessidades dos seus clientes. Sendo assim, estamos sempre buscando novos conhecimentos para melhor atender de forma personalizada.<\/p>\n\n\n\n<figure class=\"wp-block-gallery has-nested-images columns-default is-cropped wp-block-gallery-1 is-layout-flex wp-block-gallery-is-layout-flex\">\n<figure class=\"wp-block-image size-large\"><img loading=\"lazy\" decoding=\"async\" width=\"1024\" height=\"768\" data-id=\"29\" src=\"https:\/\/tfisioterapiaepilates.com.br\/wp-content\/uploads\/2021\/11\/20190904-154-1024x768.jpg\" alt=\"\" class=\"wp-image-29\" srcset=\"https:\/\/tfisioterapiaepilates.com.br\/wp-content\/uploads\/2021\/11\/20190904-154-1024x768.jpg 1024w, https:\/\/tfisioterapiaepilates.com.br\/wp-content\/uploads\/2021\/11\/20190904-154-300x225.jpg 300w, https:\/\/tfisioterapiaepilates.com.br\/wp-content\/uploads\/2021\/11\/20190904-154-768x576.jpg 768w, https:\/\/tfisioterapiaepilates.com.br\/wp-content\/uploads\/2021\/11\/20190904-154-1536x1152.jpg 1536w, https:\/\/tfisioterapiaepilates.com.br\/wp-content\/uploads\/2021\/11\/20190904-154-2048x1536.jpg 2048w\" sizes=\"auto, (max-width: 1024px) 100vw, 1024px\" \/><\/figure>\n\n\n\n<figure class=\"wp-block-image size-large\"><img loading=\"lazy\" decoding=\"async\" width=\"1024\" height=\"768\" data-id=\"30\" src=\"https:\/\/tfisioterapiaepilates.com.br\/wp-content\/uploads\/2021\/11\/IMG_0240-1024x768.jpg\" alt=\"\" class=\"wp-image-30\" srcset=\"https:\/\/tfisioterapiaepilates.com.br\/wp-content\/uploads\/2021\/11\/IMG_0240-1024x768.jpg 1024w, https:\/\/tfisioterapiaepilates.com.br\/wp-content\/uploads\/2021\/11\/IMG_0240-300x225.jpg 300w, https:\/\/tfisioterapiaepilates.com.br\/wp-content\/uploads\/2021\/11\/IMG_0240-768x576.jpg 768w, https:\/\/tfisioterapiaepilates.com.br\/wp-content\/uploads\/2021\/11\/IMG_0240-1536x1152.jpg 1536w, https:\/\/tfisioterapiaepilates.com.br\/wp-content\/uploads\/2021\/11\/IMG_0240-2048x1536.jpg 2048w\" sizes=\"auto, (max-width: 1024px) 100vw, 1024px\" \/><\/figure>\n\n\n\n<figure class=\"wp-block-image size-large\"><img loading=\"lazy\" decoding=\"async\" width=\"768\" height=\"1024\" data-id=\"34\" src=\"https:\/\/tfisioterapiaepilates.com.br\/wp-content\/uploads\/2021\/11\/IMG_9256-768x1024.jpg\" alt=\"\" class=\"wp-image-34\" srcset=\"https:\/\/tfisioterapiaepilates.com.br\/wp-content\/uploads\/2021\/11\/IMG_9256-768x1024.jpg 768w, https:\/\/tfisioterapiaepilates.com.br\/wp-content\/uploads\/2021\/11\/IMG_9256-225x300.jpg 225w, https:\/\/tfisioterapiaepilates.com.br\/wp-content\/uploads\/2021\/11\/IMG_9256-1152x1536.jpg 1152w, https:\/\/tfisioterapiaepilates.com.br\/wp-content\/uploads\/2021\/11\/IMG_9256-1536x2048.jpg 1536w, https:\/\/tfisioterapiaepilates.com.br\/wp-content\/uploads\/2021\/11\/IMG_9256-scaled.jpg 1920w\" sizes=\"auto, (max-width: 768px) 100vw, 768px\" \/><\/figure>\n\n\n\n<figure class=\"wp-block-image size-large\"><img loading=\"lazy\" decoding=\"async\" width=\"1024\" height=\"768\" data-id=\"35\" src=\"https:\/\/tfisioterapiaepilates.com.br\/wp-content\/uploads\/2021\/11\/IMG_0454-1-1024x768.jpg\" alt=\"\" class=\"wp-image-35\" srcset=\"https:\/\/tfisioterapiaepilates.com.br\/wp-content\/uploads\/2021\/11\/IMG_0454-1-1024x768.jpg 1024w, https:\/\/tfisioterapiaepilates.com.br\/wp-content\/uploads\/2021\/11\/IMG_0454-1-300x225.jpg 300w, https:\/\/tfisioterapiaepilates.com.br\/wp-content\/uploads\/2021\/11\/IMG_0454-1-768x576.jpg 768w, https:\/\/tfisioterapiaepilates.com.br\/wp-content\/uploads\/2021\/11\/IMG_0454-1-1536x1152.jpg 1536w, https:\/\/tfisioterapiaepilates.com.br\/wp-content\/uploads\/2021\/11\/IMG_0454-1-2048x1536.jpg 2048w\" sizes=\"auto, (max-width: 1024px) 100vw, 1024px\" \/><\/figure>\n\n\n\n<figure class=\"wp-block-image size-large\"><img loading=\"lazy\" decoding=\"async\" width=\"1024\" height=\"305\" data-id=\"36\" src=\"https:\/\/tfisioterapiaepilates.com.br\/wp-content\/uploads\/2021\/11\/IMG_0408-1024x305.jpg\" alt=\"\" class=\"wp-image-36\" srcset=\"https:\/\/tfisioterapiaepilates.com.br\/wp-content\/uploads\/2021\/11\/IMG_0408-1024x305.jpg 1024w, https:\/\/tfisioterapiaepilates.com.br\/wp-content\/uploads\/2021\/11\/IMG_0408-300x89.jpg 300w, https:\/\/tfisioterapiaepilates.com.br\/wp-content\/uploads\/2021\/11\/IMG_0408-768x229.jpg 768w, https:\/\/tfisioterapiaepilates.com.br\/wp-content\/uploads\/2021\/11\/IMG_0408-1536x457.jpg 1536w, https:\/\/tfisioterapiaepilates.com.br\/wp-content\/uploads\/2021\/11\/IMG_0408-2048x610.jpg 2048w\" sizes=\"auto, (max-width: 1024px) 100vw, 1024px\" \/><\/figure>\n<\/figure>\n\n\n\n<p><\/p>\n","protected":false},"excerpt":{"rendered":"<p>Inaugurado em 2017, T Fisioterapia &amp; Pilates vem oferecendo servi\u00e7os de massagem, pilates e fisioterapia manual de maneira individualizada e personalizada.Nossa miss\u00e3o \u00e9 oferecer servi\u00e7os com qualidade e excel\u00eancia que atendam \u00e0s necessidades dos seus clientes. Sendo assim, estamos sempre buscando novos conhecimentos para melhor atender de forma personalizada.<\/p>\n","protected":false},"author":1,"featured_media":0,"parent":0,"menu_order":0,"comment_status":"closed","ping_status":"closed","template":"","meta":{"footnotes":""},"class_list":["post-28","page","type-page","status-publish","hentry"],"yoast_head":"<!-- This site is optimized with the Yoast SEO plugin v22.0 - https:\/\/yoast.com\/wordpress\/plugins\/seo\/ -->\n<title>Quem Somos - T Fisioterapia &amp; Pilates<\/title>\n<meta name=\"robots\" content=\"index, follow, max-snippet:-1, max-image-preview:large, max-video-preview:-1\" \/>\n<link rel=\"canonical\" href=\"https:\/\/tfisioterapiaepilates.com.br\/?page_id=28\" \/>\n<meta property=\"og:locale\" content=\"en_US\" \/>\n<meta property=\"og:type\" content=\"article\" \/>\n<meta property=\"og:title\" content=\"Quem Somos - T Fisioterapia &amp; Pilates\" \/>\n<meta property=\"og:description\" content=\"Inaugurado em 2017, T Fisioterapia &amp; Pilates vem oferecendo servi\u00e7os de massagem, pilates e fisioterapia manual de maneira individualizada e personalizada.Nossa miss\u00e3o \u00e9 oferecer servi\u00e7os com qualidade e excel\u00eancia que atendam \u00e0s necessidades dos seus clientes. Sendo assim, estamos sempre buscando novos conhecimentos para melhor atender de forma personalizada.\" \/>\n<meta property=\"og:url\" content=\"https:\/\/tfisioterapiaepilates.com.br\/?page_id=28\" \/>\n<meta property=\"og:site_name\" content=\"T Fisioterapia &amp; Pilates\" \/>\n<meta property=\"article:modified_time\" content=\"2024-02-19T11:35:46+00:00\" \/>\n<meta property=\"og:image\" content=\"https:\/\/tfisioterapiaepilates.com.br\/wp-content\/uploads\/2021\/11\/20190904-154-1024x768.jpg\" \/>\n<meta name=\"twitter:card\" content=\"summary_large_image\" \/>\n<script type=\"application\/ld+json\" class=\"yoast-schema-graph\">{\"@context\":\"https:\/\/schema.org\",\"@graph\":[{\"@type\":\"WebPage\",\"@id\":\"https:\/\/tfisioterapiaepilates.com.br\/?page_id=28\",\"url\":\"https:\/\/tfisioterapiaepilates.com.br\/?page_id=28\",\"name\":\"Quem Somos - T Fisioterapia &amp; Pilates\",\"isPartOf\":{\"@id\":\"https:\/\/tfisioterapiaepilates.com.br\/#website\"},\"datePublished\":\"2021-11-23T11:27:29+00:00\",\"dateModified\":\"2024-02-19T11:35:46+00:00\",\"breadcrumb\":{\"@id\":\"https:\/\/tfisioterapiaepilates.com.br\/?page_id=28#breadcrumb\"},\"inLanguage\":\"en-US\",\"potentialAction\":[{\"@type\":\"ReadAction\",\"target\":[\"https:\/\/tfisioterapiaepilates.com.br\/?page_id=28\"]}]},{\"@type\":\"BreadcrumbList\",\"@id\":\"https:\/\/tfisioterapiaepilates.com.br\/?page_id=28#breadcrumb\",\"itemListElement\":[{\"@type\":\"ListItem\",\"position\":1,\"name\":\"Home\",\"item\":\"https:\/\/tfisioterapiaepilates.com.br\/\"},{\"@type\":\"ListItem\",\"position\":2,\"name\":\"Quem Somos\"}]},{\"@type\":\"WebSite\",\"@id\":\"https:\/\/tfisioterapiaepilates.com.br\/#website\",\"url\":\"https:\/\/tfisioterapiaepilates.com.br\/\",\"name\":\"T Fisioterapia &amp; Pilates\",\"description\":\"Fisioterapia e Pilates\",\"potentialAction\":[{\"@type\":\"SearchAction\",\"target\":{\"@type\":\"EntryPoint\",\"urlTemplate\":\"https:\/\/tfisioterapiaepilates.com.br\/?s={search_term_string}\"},\"query-input\":\"required name=search_term_string\"}],\"inLanguage\":\"en-US\"}]}<\/script>\n<!-- \/ Yoast SEO plugin. -->","yoast_head_json":{"title":"Quem Somos - T Fisioterapia &amp; Pilates","robots":{"index":"index","follow":"follow","max-snippet":"max-snippet:-1","max-image-preview":"max-image-preview:large","max-video-preview":"max-video-preview:-1"},"canonical":"https:\/\/tfisioterapiaepilates.com.br\/?page_id=28","og_locale":"en_US","og_type":"article","og_title":"Quem Somos - T Fisioterapia &amp; Pilates","og_description":"Inaugurado em 2017, T Fisioterapia &amp; Pilates vem oferecendo servi\u00e7os de massagem, pilates e fisioterapia manual de maneira individualizada e personalizada.Nossa miss\u00e3o \u00e9 oferecer servi\u00e7os com qualidade e excel\u00eancia que atendam \u00e0s necessidades dos seus clientes. Sendo assim, estamos sempre buscando novos conhecimentos para melhor atender de forma personalizada.","og_url":"https:\/\/tfisioterapiaepilates.com.br\/?page_id=28","og_site_name":"T Fisioterapia &amp; Pilates","article_modified_time":"2024-02-19T11:35:46+00:00","og_image":[{"url":"https:\/\/tfisioterapiaepilates.com.br\/wp-content\/uploads\/2021\/11\/20190904-154-1024x768.jpg"}],"twitter_card":"summary_large_image","schema":{"@context":"https:\/\/schema.org","@graph":[{"@type":"WebPage","@id":"https:\/\/tfisioterapiaepilates.com.br\/?page_id=28","url":"https:\/\/tfisioterapiaepilates.com.br\/?page_id=28","name":"Quem Somos - T Fisioterapia &amp; Pilates","isPartOf":{"@id":"https:\/\/tfisioterapiaepilates.com.br\/#website"},"datePublished":"2021-11-23T11:27:29+00:00","dateModified":"2024-02-19T11:35:46+00:00","breadcrumb":{"@id":"https:\/\/tfisioterapiaepilates.com.br\/?page_id=28#breadcrumb"},"inLanguage":"en-US","potentialAction":[{"@type":"ReadAction","target":["https:\/\/tfisioterapiaepilates.com.br\/?page_id=28"]}]},{"@type":"BreadcrumbList","@id":"https:\/\/tfisioterapiaepilates.com.br\/?page_id=28#breadcrumb","itemListElement":[{"@type":"ListItem","position":1,"name":"Home","item":"https:\/\/tfisioterapiaepilates.com.br\/"},{"@type":"ListItem","position":2,"name":"Quem Somos"}]},{"@type":"WebSite","@id":"https:\/\/tfisioterapiaepilates.com.br\/#website","url":"https:\/\/tfisioterapiaepilates.com.br\/","name":"T Fisioterapia &amp; Pilates","description":"Fisioterapia e Pilates","potentialAction":[{"@type":"SearchAction","target":{"@type":"EntryPoint","urlTemplate":"https:\/\/tfisioterapiaepilates.com.br\/?s={search_term_string}"},"query-input":"required name=search_term_string"}],"inLanguage":"en-US"}]}},"_links":{"self":[{"href":"https:\/\/tfisioterapiaepilates.com.br\/index.php?rest_route=\/wp\/v2\/pages\/28","targetHints":{"allow":["GET"]}}],"collection":[{"href":"https:\/\/tfisioterapiaepilates.com.br\/index.php?rest_route=\/wp\/v2\/pages"}],"about":[{"href":"https:\/\/tfisioterapiaepilates.com.br\/index.php?rest_route=\/wp\/v2\/types\/page"}],"author":[{"embeddable":true,"href":"https:\/\/tfisioterapiaepilates.com.br\/index.php?rest_route=\/wp\/v2\/users\/1"}],"replies":[{"embeddable":true,"href":"https:\/\/tfisioterapiaepilates.com.br\/index.php?rest_route=%2Fwp%2Fv2%2Fcomments&post=28"}],"version-history":[{"count":3,"href":"https:\/\/tfisioterapiaepilates.com.br\/index.php?rest_route=\/wp\/v2\/pages\/28\/revisions"}],"predecessor-version":[{"id":193,"href":"https:\/\/tfisioterapiaepilates.com.br\/index.php?rest_route=\/wp\/v2\/pages\/28\/revisions\/193"}],"wp:attachment":[{"href":"https:\/\/tfisioterapiaepilates.com.br\/index.php?rest_route=%2Fwp%2Fv2%2Fmedia&parent=28"}],"curies":[{"name":"wp","href":"https:\/\/api.w.org\/{rel}","templated":true}]}}